{"id":125,"date":"2022-10-12T13:05:58","date_gmt":"2022-10-12T13:05:58","guid":{"rendered":"https:\/\/laprepa.net\/web\/?page_id=125"},"modified":"2022-10-12T19:00:54","modified_gmt":"2022-10-12T19:00:54","slug":"autoridades-usfx","status":"publish","type":"page","link":"https:\/\/laprepa.net\/?page_id=125","title":{"rendered":"Autoridades USFX"},"content":{"rendered":"\t\t<div data-elementor-type=\"wp-page\" data-elementor-id=\"125\" class=\"elementor elementor-125\">\n\t\t\t\t\t\t\t\t\t<section class=\"elementor-section elementor-top-section elementor-element elementor-element-266b1465 elementor-section-content-middle elementor-reverse-mobile elementor-section-boxed elementor-section-height-default elementor-section-height-default\" data-id=\"266b1465\" data-element_type=\"section\">\n\t\t\t\t\t\t<div class=\"elementor-container elementor-column-gap-no\">\n\t\t\t\t\t<div class=\"elementor-column elementor-col-50 elementor-top-column elementor-element elementor-element-3e730946\" data-id=\"3e730946\" data-element_type=\"column\">\n\t\t\t<div class=\"elementor-widget-wrap elementor-element-populated\">\n\t\t\t\t\t\t\t\t<div class=\"elementor-element elementor-element-1f3cc650 elementor-widget elementor-widget-text-editor\" data-id=\"1f3cc650\" data-element_type=\"widget\" data-widget_type=\"text-editor.default\">\n\t\t\t\t<div class=\"elementor-widget-container\">\n\t\t\t<style>\/*! elementor - v3.7.8 - 02-10-2022 *\/\n.elementor-widget-text-editor.elementor-drop-cap-view-stacked .elementor-drop-cap{background-color:#818a91;color:#fff}.elementor-widget-text-editor.elementor-drop-cap-view-framed .elementor-drop-cap{color:#818a91;border:3px solid;background-color:transparent}.elementor-widget-text-editor:not(.elementor-drop-cap-view-default) .elementor-drop-cap{margin-top:8px}.elementor-widget-text-editor:not(.elementor-drop-cap-view-default) .elementor-drop-cap-letter{width:1em;height:1em}.elementor-widget-text-editor .elementor-drop-cap{float:left;text-align:center;line-height:1;font-size:50px}.elementor-widget-text-editor .elementor-drop-cap-letter{display:inline-block}<\/style>\t\t\t\t<p><span style=\"color: #000000;\">Mi bienvenida a nuestro sitio web que recoge el entusiasmo y la dedicaci\u00f3n de todos los miembros de esta Universidad para reafirmarnos en la visi\u00f3n de una Universidad de excelencia, donde la convivencia diaria en sus Campus es parte de la formaci\u00f3n y el desarrollo personal del estudiante en conocimientos, habilidades, capacidades y valores.<\/span><\/p><p><span style=\"color: #000000;\">Toda una organizaci\u00f3n a disposici\u00f3n de la sociedad. El estudiante va a encontrar en la Tom\u00e1s Fr\u00edas, un equipo de personas que le va a guiar en su proceso de aprendizaje para afrontar los retos de una sociedad en continuo cambio.<\/span><\/p><div><h6><strong>Ph.D. Pedro Guido Lopez Cortes<\/strong><\/h6><\/div><div class=\"greeting-job\"><p><span style=\"color: #000000;\"><small>Rector &#8211; Universidad<\/small><em><small> Aut\u00f3noma Tom\u00e1s Fr\u00edas<\/small><\/em><\/span><\/p><\/div>\t\t\t\t\t\t<\/div>\n\t\t\t\t<\/div>\n\t\t\t\t\t<\/div>\n\t\t<\/div>\n\t\t\t\t<div class=\"elementor-column elementor-col-50 elementor-top-column elementor-element elementor-element-4a2e9b0f\" data-id=\"4a2e9b0f\" data-element_type=\"column\">\n\t\t\t<div class=\"elementor-widget-wrap elementor-element-populated\">\n\t\t\t\t\t\t\t\t<div class=\"elementor-element elementor-element-53ab34c8 elementor-widget elementor-widget-image\" data-id=\"53ab34c8\" data-element_type=\"widget\" data-widget_type=\"image.default\">\n\t\t\t\t<div class=\"elementor-widget-container\">\n\t\t\t<style>\/*! elementor - v3.7.8 - 02-10-2022 *\/\n.elementor-widget-image{text-align:center}.elementor-widget-image a{display:inline-block}.elementor-widget-image a img[src$=\".svg\"]{width:48px}.elementor-widget-image img{vertical-align:middle;display:inline-block}<\/style>\t\t\t\t\t\t\t\t\t\t\t\t<img width=\"905\" height=\"1280\" src=\"https:\/\/laprepa.net\/wp-content\/uploads\/2022\/10\/rector-image.jpeg\" class=\"attachment-full size-full\" alt=\"\" loading=\"lazy\" srcset=\"https:\/\/laprepa.net\/wp-content\/uploads\/2022\/10\/rector-image.jpeg 905w, https:\/\/laprepa.net\/wp-content\/uploads\/2022\/10\/rector-image-212x300.jpeg 212w, https:\/\/laprepa.net\/wp-content\/uploads\/2022\/10\/rector-image-724x1024.jpeg 724w, https:\/\/laprepa.net\/wp-content\/uploads\/2022\/10\/rector-image-768x1086.jpeg 768w\" sizes=\"(max-width: 905px) 100vw, 905px\" \/>\t\t\t\t\t\t\t\t\t\t\t\t\t\t\t<\/div>\n\t\t\t\t<\/div>\n\t\t\t\t\t<\/div>\n\t\t<\/div>\n\t\t\t\t\t\t\t<\/div>\n\t\t<\/section>\n\t\t\t\t<section class=\"elementor-section elementor-top-section elementor-element elementor-element-7665f2d elementor-section-content-middle elementor-reverse-mobile elementor-section-boxed elementor-section-height-default elementor-section-height-default\" data-id=\"7665f2d\" data-element_type=\"section\">\n\t\t\t\t\t\t<div class=\"elementor-container elementor-column-gap-no\">\n\t\t\t\t\t<div class=\"elementor-column elementor-col-50 elementor-top-column elementor-element elementor-element-9306073\" data-id=\"9306073\" data-element_type=\"column\">\n\t\t\t<div class=\"elementor-widget-wrap elementor-element-populated\">\n\t\t\t\t\t\t\t\t<div class=\"elementor-element elementor-element-4ff9375 elementor-widget elementor-widget-text-editor\" data-id=\"4ff9375\" data-element_type=\"widget\" data-widget_type=\"text-editor.default\">\n\t\t\t\t<div class=\"elementor-widget-container\">\n\t\t\t\t\t\t\t<p><span style=\"color: #000000;\">Ofrecerles mi sincero compromiso de contribuir al desarrollo de esta universidad es el mejor modo de saludar a nuestros estudiantes, a los docentes, al personal de administraci\u00f3n y de servicios, a quienes en el seno del Patronato me han otorgado su confianza y a cuantos se acercan a la Universidad Aut\u00f3noma Tom\u00e1s Fr\u00edas a trav\u00e9s de su p\u00e1gina web.<\/span><\/p><p><span style=\"color: #000000;\">En esta p\u00e1gina se reflejan las mejores aportaciones educativas de los \u00faltimos a\u00f1os, desde la voluntad fundadora hasta la actual realidad, siempre ha sido original, diferente, innovadora y con clara proyecci\u00f3n internacional.<\/span><\/p><div><h6 style=\"text-align: left;\"><strong>MBA. V\u00edctor Hugo Villegas<\/strong><\/h6><\/div><div class=\"greeting-job\"><p><span style=\"color: #000000;\"><em><small>Vicerrector &#8211; Universidad Aut\u00f3noma Tom\u00e1s Fr\u00edas<\/small><\/em><\/span><\/p><\/div>\t\t\t\t\t\t<\/div>\n\t\t\t\t<\/div>\n\t\t\t\t\t<\/div>\n\t\t<\/div>\n\t\t\t\t<div class=\"elementor-column elementor-col-50 elementor-top-column elementor-element elementor-element-283d03e\" data-id=\"283d03e\" data-element_type=\"column\">\n\t\t\t<div class=\"elementor-widget-wrap elementor-element-populated\">\n\t\t\t\t\t\t\t\t<div class=\"elementor-element elementor-element-87e9dfc elementor-widget elementor-widget-image\" data-id=\"87e9dfc\" data-element_type=\"widget\" data-widget_type=\"image.default\">\n\t\t\t\t<div class=\"elementor-widget-container\">\n\t\t\t\t\t\t\t\t\t\t\t\t\t\t\t<img width=\"905\" height=\"1280\" src=\"https:\/\/laprepa.net\/wp-content\/uploads\/2022\/10\/vicerrector-image.jpeg\" class=\"attachment-full size-full\" alt=\"\" loading=\"lazy\" srcset=\"https:\/\/laprepa.net\/wp-content\/uploads\/2022\/10\/vicerrector-image.jpeg 905w, https:\/\/laprepa.net\/wp-content\/uploads\/2022\/10\/vicerrector-image-212x300.jpeg 212w, https:\/\/laprepa.net\/wp-content\/uploads\/2022\/10\/vicerrector-image-724x1024.jpeg 724w, https:\/\/laprepa.net\/wp-content\/uploads\/2022\/10\/vicerrector-image-768x1086.jpeg 768w\" sizes=\"(max-width: 905px) 100vw, 905px\" \/>\t\t\t\t\t\t\t\t\t\t\t\t\t\t\t<\/div>\n\t\t\t\t<\/div>\n\t\t\t\t\t<\/div>\n\t\t<\/div>\n\t\t\t\t\t\t\t<\/div>\n\t\t<\/section>\n\t\t\t\t\t\t\t<\/div>\n\t\t","protected":false},"excerpt":{"rendered":"<p>Mi bienvenida a nuestro sitio web que recoge el entusiasmo y la dedicaci\u00f3n de todos los miembros de esta Universidad para reafirmarnos en la visi\u00f3n de una Universidad de excelencia, donde la convivencia diaria en sus Campus es parte de la formaci\u00f3n y el desarrollo personal del estudiante en conocimientos, habilidades, capacidades y valores. Toda &hellip;<\/p>\n<p class=\"read-more\"> <a class=\"\" href=\"https:\/\/laprepa.net\/?page_id=125\"> <span class=\"screen-reader-text\">Autoridades USFX<\/span> Leer m\u00e1s &raquo;<\/a><\/p>\n","protected":false},"author":1,"featured_media":0,"parent":0,"menu_order":0,"comment_status":"closed","ping_status":"closed","template":"","meta":{"site-sidebar-layout":"no-sidebar","site-content-layout":"page-builder","ast-global-header-display":"","ast-main-header-display":"","ast-hfb-above-header-display":"","ast-hfb-below-header-display":"","ast-hfb-mobile-header-display":"","site-post-title":"disabled","ast-breadcrumbs-content":"","ast-featured-img":"disabled","footer-sml-layout":"","theme-transparent-header-meta":"","adv-header-id-meta":"","stick-header-meta":"","header-above-stick-meta":"","header-main-stick-meta":"","header-below-stick-meta":""},"_links":{"self":[{"href":"https:\/\/laprepa.net\/index.php?rest_route=\/wp\/v2\/pages\/125"}],"collection":[{"href":"https:\/\/laprepa.net\/index.php?rest_route=\/wp\/v2\/pages"}],"about":[{"href":"https:\/\/laprepa.net\/index.php?rest_route=\/wp\/v2\/types\/page"}],"author":[{"embeddable":true,"href":"https:\/\/laprepa.net\/index.php?rest_route=\/wp\/v2\/users\/1"}],"replies":[{"embeddable":true,"href":"https:\/\/laprepa.net\/index.php?rest_route=%2Fwp%2Fv2%2Fcomments&post=125"}],"version-history":[{"count":34,"href":"https:\/\/laprepa.net\/index.php?rest_route=\/wp\/v2\/pages\/125\/revisions"}],"predecessor-version":[{"id":272,"href":"https:\/\/laprepa.net\/index.php?rest_route=\/wp\/v2\/pages\/125\/revisions\/272"}],"wp:attachment":[{"href":"https:\/\/laprepa.net\/index.php?rest_route=%2Fwp%2Fv2%2Fmedia&parent=125"}],"curies":[{"name":"wp","href":"https:\/\/api.w.org\/{rel}","templated":true}]}}