{"id":217,"date":"2022-10-12T18:35:45","date_gmt":"2022-10-12T18:35:45","guid":{"rendered":"https:\/\/laprepa.net\/web\/?page_id=217"},"modified":"2022-10-13T18:29:59","modified_gmt":"2022-10-13T18:29:59","slug":"facultad-de-medicina","status":"publish","type":"page","link":"https:\/\/laprepa.net\/?page_id=217","title":{"rendered":"Facultad de medicina"},"content":{"rendered":"\t\t<div data-elementor-type=\"wp-page\" data-elementor-id=\"217\" class=\"elementor elementor-217\">\n\t\t\t\t\t\t\t\t\t<section class=\"elementor-section elementor-top-section elementor-element elementor-element-5bad6333 elementor-section-content-middle elementor-section-boxed elementor-section-height-default elementor-section-height-default\" data-id=\"5bad6333\" data-element_type=\"section\">\n\t\t\t\t\t\t<div class=\"elementor-container elementor-column-gap-no\">\n\t\t\t\t\t<div class=\"elementor-column elementor-col-100 elementor-top-column elementor-element elementor-element-17f26186\" data-id=\"17f26186\" data-element_type=\"column\">\n\t\t\t<div class=\"elementor-widget-wrap elementor-element-populated\">\n\t\t\t\t\t\t\t\t<div class=\"elementor-element elementor-element-47249b79 elementor-widget elementor-widget-heading\" data-id=\"47249b79\" data-element_type=\"widget\" data-widget_type=\"heading.default\">\n\t\t\t\t<div class=\"elementor-widget-container\">\n\t\t\t<style>\/*! elementor - v3.7.8 - 02-10-2022 *\/\n.elementor-heading-title{padding:0;margin:0;line-height:1}.elementor-widget-heading .elementor-heading-title[class*=elementor-size-]>a{color:inherit;font-size:inherit;line-height:inherit}.elementor-widget-heading .elementor-heading-title.elementor-size-small{font-size:15px}.elementor-widget-heading .elementor-heading-title.elementor-size-medium{font-size:19px}.elementor-widget-heading .elementor-heading-title.elementor-size-large{font-size:29px}.elementor-widget-heading .elementor-heading-title.elementor-size-xl{font-size:39px}.elementor-widget-heading .elementor-heading-title.elementor-size-xxl{font-size:59px}<\/style><h4 class=\"elementor-heading-title elementor-size-default\">Facultad de medicina\n<\/h4>\t\t<\/div>\n\t\t\t\t<\/div>\n\t\t\t\t<div class=\"elementor-element elementor-element-1bd1eb11 elementor-widget elementor-widget-toggle\" data-id=\"1bd1eb11\" data-element_type=\"widget\" data-widget_type=\"toggle.default\">\n\t\t\t\t<div class=\"elementor-widget-container\">\n\t\t\t<style>\/*! elementor - v3.7.8 - 02-10-2022 *\/\n.elementor-toggle{text-align:left}.elementor-toggle .elementor-tab-title{font-weight:700;line-height:1;margin:0;padding:15px;border-bottom:1px solid #d4d4d4;cursor:pointer;outline:none}.elementor-toggle .elementor-tab-title .elementor-toggle-icon{display:inline-block;width:1em}.elementor-toggle .elementor-tab-title .elementor-toggle-icon svg{-webkit-margin-start:-5px;margin-inline-start:-5px;width:1em;height:1em}.elementor-toggle .elementor-tab-title .elementor-toggle-icon.elementor-toggle-icon-right{float:right;text-align:right}.elementor-toggle .elementor-tab-title .elementor-toggle-icon.elementor-toggle-icon-left{float:left;text-align:left}.elementor-toggle .elementor-tab-title .elementor-toggle-icon .elementor-toggle-icon-closed{display:block}.elementor-toggle .elementor-tab-title .elementor-toggle-icon .elementor-toggle-icon-opened{display:none}.elementor-toggle .elementor-tab-title.elementor-active{border-bottom:none}.elementor-toggle .elementor-tab-title.elementor-active .elementor-toggle-icon-closed{display:none}.elementor-toggle .elementor-tab-title.elementor-active .elementor-toggle-icon-opened{display:block}.elementor-toggle .elementor-tab-content{padding:15px;border-bottom:1px solid #d4d4d4;display:none}@media (max-width:767px){.elementor-toggle .elementor-tab-title{padding:12px}.elementor-toggle .elementor-tab-content{padding:12px 10px}}.e-container>.elementor-widget-toggle{width:var(--container-widget-width,100%)}<\/style>\t\t<div class=\"elementor-toggle\" role=\"tablist\">\n\t\t\t\t\t\t\t<div class=\"elementor-toggle-item\">\n\t\t\t\t\t<div id=\"elementor-tab-title-4661\" class=\"elementor-tab-title\" data-tab=\"1\" role=\"tab\" aria-controls=\"elementor-tab-content-4661\" aria-expanded=\"false\">\n\t\t\t\t\t\t\t\t\t\t\t\t<span class=\"elementor-toggle-icon elementor-toggle-icon-right\" aria-hidden=\"true\">\n\t\t\t\t\t\t\t\t\t\t\t\t\t\t\t<span class=\"elementor-toggle-icon-closed\"><i class=\"fas fa-caret-right\"><\/i><\/span>\n\t\t\t\t\t\t\t\t<span class=\"elementor-toggle-icon-opened\"><i class=\"elementor-toggle-icon-opened fas fa-caret-up\"><\/i><\/span>\n\t\t\t\t\t\t\t\t\t\t\t\t\t<\/span>\n\t\t\t\t\t\t\t\t\t\t\t\t<a href=\"\" class=\"elementor-toggle-title\">Carrera de Medicina<\/a>\n\t\t\t\t\t<\/div>\n\n\t\t\t\t\t<div id=\"elementor-tab-content-4661\" class=\"elementor-tab-content elementor-clearfix\" data-tab=\"1\" role=\"tabpanel\" aria-labelledby=\"elementor-tab-title-4661\"><div class=\"Marco-de-texto-b-sico\"><p class=\"P-rrafo-b-sico\"><span class=\"Estilos-12 CharOverride-63\"><strong>MEDICINA<\/strong><\/span><\/p><\/div><div class=\"_idGenObjectStyleOverride-1\"><p class=\"P-rrafo-b-sico ParaOverride-62\"><span class=\"Estilos-2 CharOverride-13\">Grado Acad\u00e9mico:\u00a0<\/span><span class=\"Estilos-2 CharOverride-14\">Licenciatura<\/span><\/p><p class=\"P-rrafo-b-sico ParaOverride-62\"><span class=\"Estilos-2 CharOverride-13\">Tiempo de Profesionalizaci\u00f3n:\u00a0<\/span><span class=\"Estilos-2 CharOverride-14\">6 a\u00f1os (5 a\u00f1os Pre grado y 1 a\u00f1o<\/span><\/p><p class=\"P-rrafo-b-sico ParaOverride-62\"><span class=\"Estilos-2 CharOverride-14\">Internado Rotatorio).<\/span><\/p><p class=\"P-rrafo-b-sico ParaOverride-62\"><span class=\"Estilos-2 CharOverride-13\">Modalidad de Admisi\u00f3n:\u00a0<\/span><span class=\"Estilos-2 CharOverride-14\">Examen de Ingreso Directo<\/span><\/p><p class=\"P-rrafo-b-sico ParaOverride-62\"><span class=\"Estilos-2 CharOverride-13\">Modalidad de Graduaci\u00f3n:<\/span><\/p><div class=\"modalidad\"><p class=\"P-rrafo-b-sico ParaOverride-62\"><span class=\"Estilos-2 CharOverride-14\">Internado Rotatorio<\/span><\/p><\/div><p class=\"P-rrafo-b-sico ParaOverride-62\"><span class=\"Estilos-2 CharOverride-13\">Diploma Acad\u00e9mico:\u00a0<\/span><span class=\"Estilos-2 CharOverride-14\">M\u00e9dico Cirujano<\/span><\/p><p class=\"P-rrafo-b-sico ParaOverride-62\"><span class=\"Estilos-2 CharOverride-13\">T\u00edtulo en Provisi\u00f3n Nacional:\u00a0<\/span><span class=\"Estilos-2 CharOverride-14\">M\u00e9dico Cirujano<\/span><\/p><p class=\"P-rrafo-b-sico ParaOverride-67\"><span class=\"Estilos-7 CharOverride-66\">Objetivo General<\/span><\/p><p class=\"P-rrafo-b-sico ParaOverride-67\"><span class=\"Estilos-2 CharOverride-14\">Formar profesionales m\u00e9dicos con profunda vocaci\u00f3n de servicio a la comunidad; alta \u00e9tica y responsabilidad profesional; respeto por los valores culturales de su patria; con una concepci\u00f3n integral del proceso salud-enfermedad tomando en cuenta la problem\u00e1tica social, econ\u00f3mica y pol\u00edtica; participativo y agente de cambio y transformaci\u00f3n de su medio y fundamentalmente con calidad y excelencia en la competencia y desempe\u00f1o profesional para resolver pro<\/span><span class=\"Estilos-2 CharOverride-14\">blemas dominantes de salud.<\/span><\/p><p class=\"P-rrafo-b-sico ParaOverride-67\"><span class=\"Estilos-7 CharOverride-66\">Objetivos Educativos<\/span><\/p><ul><li class=\"P-rrafo-b-sico ParaOverride-97\"><span class=\"Estilos-2 CharOverride-14\">Resolver los problemas de salud con sensibilidad social, \u00e9tica profesional, respetuoso de la diversidad cultural y \u00e9tnica de las personas, sus tradiciones, creencias, ideas y valores. Orgulloso y amante de su patria.<\/span><\/li><li class=\"P-rrafo-b-sico ParaOverride-97\"><span class=\"Estilos-2 CharOverride-14\">Asumir conducta \u00e9tica con la comunidad, con el paciente respeto a su privacidad y dignidad, calidez con los familiares del enfermo, amabilidad y respeto con el equipo de salud y colegas.<\/span><\/li><li class=\"P-rrafo-b-sico ParaOverride-97\"><span class=\"Estilos-2 CharOverride-14\">Desarrollar actitudes de responsabilidad para el ejercicio profesional, con independencia y creatividad en la soluci\u00f3n de problemas.<\/span><\/li><li class=\"P-rrafo-b-sico ParaOverride-97\"><span class=\"Estilos-2 CharOverride-14\">Lograr habilidades de alta calidad t\u00e9cnica y art\u00edstica, buscando la belleza y perfecci\u00f3n en su trabajo profesional para satisfacer su motivaci\u00f3n personal.<\/span><\/li><\/ul><p class=\"P-rrafo-b-sico ParaOverride-67\"><span class=\"Estilos-7 CharOverride-66\">Perfil Profesional<\/span><\/p><p class=\"P-rrafo-b-sico ParaOverride-67\"><span class=\"Estilos-2 CharOverride-14\">La Facultad de Medicina de Sucre, de acuerdo a las caracter\u00edsticas socioecon\u00f3micas, culturales, geogr\u00e1ficas y distribuci\u00f3n poblacional con prevalencia de enfermedades ligadas a la pobreza y las insuficiencias de organizaci\u00f3n, infraestructura, equipamiento y apoyo log\u00edstico del Sistema Nacional de Salud, considera que el Pa\u00eds requiere de un:<\/span><\/p><p class=\"P-rrafo-b-sico ParaOverride-67\"><span class=\"Estilos-2 CharOverride-14\">\u201cProfesional m\u00e9dico general de perfil amplio con s\u00f3lida formaci\u00f3n cient\u00edfica, t\u00e9cnica, independencia cognoscitiva, creatividad profesional y profunda vocaci\u00f3n de servicio; capacitado para resolver problemas de salud con \u00e9tica, responsabilidad y calidez, capacitado para participar en la conservaci\u00f3n y mejoramiento de la calidad de vida del individuo, familia y comunidad en interacci\u00f3n comunitaria y promotor de estilos de vida saludable y cuidado del medio ambiente\u201d.<\/span><\/p><p class=\"P-rrafo-b-sico ParaOverride-67\"><span class=\"Estilos-7 CharOverride-66\">Aptitudes requeridas<\/span><\/p><ul><li class=\"P-rrafo-b-sico ParaOverride-97\"><span class=\"Estilos-2 CharOverride-14\">Vocaci\u00f3n de servicio.<\/span><\/li><li class=\"P-rrafo-b-sico ParaOverride-97\"><span class=\"Estilos-2 CharOverride-14\">Alta sensibilidad social y humanitaria.<\/span><\/li><li class=\"P-rrafo-b-sico ParaOverride-97\"><span class=\"Estilos-2 CharOverride-14\">Principios de \u00e9tica y moral.<\/span><\/li><li class=\"P-rrafo-b-sico ParaOverride-97\"><span class=\"Estilos-2 CharOverride-14\">Solidaridad y compromiso social.<\/span><\/li><li class=\"P-rrafo-b-sico ParaOverride-97\"><span class=\"Estilos-2 CharOverride-14\">Respeto a los principios y valores culturales propios del contexto nacional.<\/span><\/li><\/ul><p class=\"P-rrafo-b-sico ParaOverride-67\"><span class=\"Estilos-7 CharOverride-66\">\u00c1reas de Acci\u00f3n<\/span><\/p><ul><li class=\"P-rrafo-b-sico ParaOverride-97\"><span class=\"Estilos-2 CharOverride-14\">A la atenci\u00f3n integral del individuo, la familia, los grupos \u00e9tnicos y la comunidad en su relaci\u00f3n con el medio ambiente, en un enfoque biopsicosocial en la dimensi\u00f3n del proceso salud \u2013 enfermedad.<\/span><\/li><li class=\"P-rrafo-b-sico ParaOverride-97\"><span class=\"Estilos-2 CharOverride-14\">En los servicios de \u00e1reas y distrito del sistema regionalizado de salud en los niveles de atenci\u00f3n primaria y secundaria, de acuerdo a su ubicaci\u00f3n, para desarrollar el proceso de atenci\u00f3n a trav\u00e9s del modo de actuaci\u00f3n profesional sobre el objeto de trabajo profesional.<\/span><\/li><\/ul><p class=\"P-rrafo-b-sico ParaOverride-67\"><span class=\"Estilos-7 CharOverride-66\">Campo de Trabajo<\/span><\/p><ul><li class=\"P-rrafo-b-sico ParaOverride-97\"><span class=\"Estilos-2 CharOverride-14\">El universo de trabajo para el m\u00e9dico egresado corresponde a los servicios estatales de salud del \u00e1rea rural y zonas periurbanas de Distritos y \u00c1reas. Tambi\u00e9n los de seguridad social y privados no gubernamentales en los mismos niveles.<\/span><\/li><li class=\"P-rrafo-b-sico ParaOverride-97\"><span class=\"Estilos-2 CharOverride-14\">Con el T\u00edtulo en Provisi\u00f3n Nacional, el m\u00e9dico est\u00e1 habilitado para el ejercicio profesional a nivel nacional, pudiendo \u00e9ste desempe\u00f1arse como m\u00e9dico general en cualesquier servicio estatal o privado.<\/span><\/li><li class=\"P-rrafo-b-sico ParaOverride-97\"><span class=\"Estilos-2 CharOverride-14\">Oferta sus servicios en el primer y segundo nivel de atenci\u00f3n, en consulta externa; urgencias m\u00e9dicas; emergencias: servicios de hospitalizaci\u00f3n en los hospitales de distrito dependientes de la Secretar\u00eda Nacional de Salud y de la Seguridad Social.<\/span><\/li><li class=\"P-rrafo-b-sico ParaOverride-97\"><span class=\"Estilos-2 CharOverride-14\">Con relaci\u00f3n a los puestos de trabajo, el m\u00e9dico egresado de las universidades, en los hospitales de distrito y \u00e1rea desempe\u00f1a el cargo de m\u00e9dico de \u00e1rea y\/o distrito. En las cl\u00ednicas y hospitales privados desempe\u00f1a el cargo de m\u00e9dico de guardia.<\/span><\/li><\/ul><\/div><\/div>\n\t\t\t\t<\/div>\n\t\t\t\t\t\t\t\t<\/div>\n\t\t\t\t<\/div>\n\t\t\t\t<\/div>\n\t\t\t\t\t<\/div>\n\t\t<\/div>\n\t\t\t\t\t\t\t<\/div>\n\t\t<\/section>\n\t\t\t\t\t\t\t<\/div>\n\t\t","protected":false},"excerpt":{"rendered":"<p>Facultad de medicina Carrera de Medicina MEDICINA Grado Acad\u00e9mico:\u00a0Licenciatura Tiempo de Profesionalizaci\u00f3n:\u00a06 a\u00f1os (5 a\u00f1os Pre grado y 1 a\u00f1o Internado Rotatorio). Modalidad de Admisi\u00f3n:\u00a0Examen de Ingreso Directo Modalidad de Graduaci\u00f3n: Internado Rotatorio Diploma Acad\u00e9mico:\u00a0M\u00e9dico Cirujano T\u00edtulo en Provisi\u00f3n Nacional:\u00a0M\u00e9dico Cirujano Objetivo General Formar profesionales m\u00e9dicos con profunda vocaci\u00f3n de servicio a la comunidad; alta &hellip;<\/p>\n<p class=\"read-more\"> <a class=\"\" href=\"https:\/\/laprepa.net\/?page_id=217\"> <span class=\"screen-reader-text\">Facultad de medicina<\/span> Leer m\u00e1s &raquo;<\/a><\/p>\n","protected":false},"author":1,"featured_media":0,"parent":0,"menu_order":0,"comment_status":"closed","ping_status":"closed","template":"","meta":{"site-sidebar-layout":"no-sidebar","site-content-layout":"page-builder","ast-global-header-display":"","ast-main-header-display":"","ast-hfb-above-header-display":"","ast-hfb-below-header-display":"","ast-hfb-mobile-header-display":"","site-post-title":"disabled","ast-breadcrumbs-content":"","ast-featured-img":"disabled","footer-sml-layout":"","theme-transparent-header-meta":"","adv-header-id-meta":"","stick-header-meta":"","header-above-stick-meta":"","header-main-stick-meta":"","header-below-stick-meta":""},"_links":{"self":[{"href":"https:\/\/laprepa.net\/index.php?rest_route=\/wp\/v2\/pages\/217"}],"collection":[{"href":"https:\/\/laprepa.net\/index.php?rest_route=\/wp\/v2\/pages"}],"about":[{"href":"https:\/\/laprepa.net\/index.php?rest_route=\/wp\/v2\/types\/page"}],"author":[{"embeddable":true,"href":"https:\/\/laprepa.net\/index.php?rest_route=\/wp\/v2\/users\/1"}],"replies":[{"embeddable":true,"href":"https:\/\/laprepa.net\/index.php?rest_route=%2Fwp%2Fv2%2Fcomments&post=217"}],"version-history":[{"count":7,"href":"https:\/\/laprepa.net\/index.php?rest_route=\/wp\/v2\/pages\/217\/revisions"}],"predecessor-version":[{"id":423,"href":"https:\/\/laprepa.net\/index.php?rest_route=\/wp\/v2\/pages\/217\/revisions\/423"}],"wp:attachment":[{"href":"https:\/\/laprepa.net\/index.php?rest_route=%2Fwp%2Fv2%2Fmedia&parent=217"}],"curies":[{"name":"wp","href":"https:\/\/api.w.org\/{rel}","templated":true}]}}