{"id":218,"date":"2022-10-12T18:35:45","date_gmt":"2022-10-12T18:35:45","guid":{"rendered":"https:\/\/laprepa.net\/web\/?page_id=218"},"modified":"2022-10-13T18:26:47","modified_gmt":"2022-10-13T18:26:47","slug":"facultad-de-odontologia","status":"publish","type":"page","link":"https:\/\/laprepa.net\/?page_id=218","title":{"rendered":"Facultad de odontolog\u00eda"},"content":{"rendered":"\t\t<div data-elementor-type=\"wp-page\" data-elementor-id=\"218\" class=\"elementor elementor-218\">\n\t\t\t\t\t\t\t\t\t<section class=\"elementor-section elementor-top-section elementor-element elementor-element-28063ed elementor-section-content-middle elementor-section-boxed elementor-section-height-default elementor-section-height-default\" data-id=\"28063ed\" data-element_type=\"section\">\n\t\t\t\t\t\t<div class=\"elementor-container elementor-column-gap-no\">\n\t\t\t\t\t<div class=\"elementor-column elementor-col-100 elementor-top-column elementor-element elementor-element-5bf8e0c5\" data-id=\"5bf8e0c5\" data-element_type=\"column\">\n\t\t\t<div class=\"elementor-widget-wrap elementor-element-populated\">\n\t\t\t\t\t\t\t\t<div class=\"elementor-element elementor-element-46452433 elementor-widget elementor-widget-heading\" data-id=\"46452433\" data-element_type=\"widget\" data-widget_type=\"heading.default\">\n\t\t\t\t<div class=\"elementor-widget-container\">\n\t\t\t<style>\/*! elementor - v3.7.8 - 02-10-2022 *\/\n.elementor-heading-title{padding:0;margin:0;line-height:1}.elementor-widget-heading .elementor-heading-title[class*=elementor-size-]>a{color:inherit;font-size:inherit;line-height:inherit}.elementor-widget-heading .elementor-heading-title.elementor-size-small{font-size:15px}.elementor-widget-heading .elementor-heading-title.elementor-size-medium{font-size:19px}.elementor-widget-heading .elementor-heading-title.elementor-size-large{font-size:29px}.elementor-widget-heading .elementor-heading-title.elementor-size-xl{font-size:39px}.elementor-widget-heading .elementor-heading-title.elementor-size-xxl{font-size:59px}<\/style><h4 class=\"elementor-heading-title elementor-size-default\">Facultad de odontolog\u00eda\n<\/h4>\t\t<\/div>\n\t\t\t\t<\/div>\n\t\t\t\t<div class=\"elementor-element elementor-element-2921d05b elementor-widget elementor-widget-toggle\" data-id=\"2921d05b\" data-element_type=\"widget\" data-widget_type=\"toggle.default\">\n\t\t\t\t<div class=\"elementor-widget-container\">\n\t\t\t<style>\/*! elementor - v3.7.8 - 02-10-2022 *\/\n.elementor-toggle{text-align:left}.elementor-toggle .elementor-tab-title{font-weight:700;line-height:1;margin:0;padding:15px;border-bottom:1px solid #d4d4d4;cursor:pointer;outline:none}.elementor-toggle .elementor-tab-title .elementor-toggle-icon{display:inline-block;width:1em}.elementor-toggle .elementor-tab-title .elementor-toggle-icon svg{-webkit-margin-start:-5px;margin-inline-start:-5px;width:1em;height:1em}.elementor-toggle .elementor-tab-title .elementor-toggle-icon.elementor-toggle-icon-right{float:right;text-align:right}.elementor-toggle .elementor-tab-title .elementor-toggle-icon.elementor-toggle-icon-left{float:left;text-align:left}.elementor-toggle .elementor-tab-title .elementor-toggle-icon .elementor-toggle-icon-closed{display:block}.elementor-toggle .elementor-tab-title .elementor-toggle-icon .elementor-toggle-icon-opened{display:none}.elementor-toggle .elementor-tab-title.elementor-active{border-bottom:none}.elementor-toggle .elementor-tab-title.elementor-active .elementor-toggle-icon-closed{display:none}.elementor-toggle .elementor-tab-title.elementor-active .elementor-toggle-icon-opened{display:block}.elementor-toggle .elementor-tab-content{padding:15px;border-bottom:1px solid #d4d4d4;display:none}@media (max-width:767px){.elementor-toggle .elementor-tab-title{padding:12px}.elementor-toggle .elementor-tab-content{padding:12px 10px}}.e-container>.elementor-widget-toggle{width:var(--container-widget-width,100%)}<\/style>\t\t<div class=\"elementor-toggle\" role=\"tablist\">\n\t\t\t\t\t\t\t<div class=\"elementor-toggle-item\">\n\t\t\t\t\t<div id=\"elementor-tab-title-6901\" class=\"elementor-tab-title\" data-tab=\"1\" role=\"tab\" aria-controls=\"elementor-tab-content-6901\" aria-expanded=\"false\">\n\t\t\t\t\t\t\t\t\t\t\t\t<span class=\"elementor-toggle-icon elementor-toggle-icon-right\" aria-hidden=\"true\">\n\t\t\t\t\t\t\t\t\t\t\t\t\t\t\t<span class=\"elementor-toggle-icon-closed\"><i class=\"fas fa-caret-right\"><\/i><\/span>\n\t\t\t\t\t\t\t\t<span class=\"elementor-toggle-icon-opened\"><i class=\"elementor-toggle-icon-opened fas fa-caret-up\"><\/i><\/span>\n\t\t\t\t\t\t\t\t\t\t\t\t\t<\/span>\n\t\t\t\t\t\t\t\t\t\t\t\t<a href=\"\" class=\"elementor-toggle-title\">Carrera de Odontolog\u00eda<\/a>\n\t\t\t\t\t<\/div>\n\n\t\t\t\t\t<div id=\"elementor-tab-content-6901\" class=\"elementor-tab-content elementor-clearfix\" data-tab=\"1\" role=\"tabpanel\" aria-labelledby=\"elementor-tab-title-6901\"><div class=\"Marco-de-texto-b-sico\"><p class=\"P-rrafo-b-sico\"><span class=\"Estilos-12 CharOverride-63\">ODONTOLOGIA<\/span><\/p><\/div><div class=\"_idGenObjectStyleOverride-1\"><p class=\"P-rrafo-b-sico ParaOverride-95\"><span class=\"Estilos-2 CharOverride-13\">Grado Acad\u00e9mico:<\/span><span class=\"Estilos-2 CharOverride-14\">Licenciado<\/span><\/p><p class=\"P-rrafo-b-sico ParaOverride-95\"><span class=\"Estilos-2 CharOverride-13\">Tiempo de Profesionalizaci\u00f3n:<\/span><span class=\"Estilos-2 CharOverride-14\">5 a\u00f1os<\/span><\/p><p class=\"P-rrafo-b-sico ParaOverride-95\"><span class=\"Estilos-2 CharOverride-13\">Modalidad de Admisi\u00f3n:<\/span><span class=\"Estilos-2 CharOverride-14\">Examen de Admisi\u00f3n<\/span><\/p><p class=\"P-rrafo-b-sico ParaOverride-95\"><span class=\"Estilos-2 CharOverride-13\">Modalidad de Graduaci\u00f3n:<\/span><\/p><div class=\"modalidad\"><p class=\"P-rrafo-b-sico ParaOverride-95\"><span class=\"Estilos-2 CharOverride-14\">Examen de Grado<\/span><\/p><p class=\"P-rrafo-b-sico ParaOverride-95\"><span class=\"Estilos-2 CharOverride-14\">Tesis de Grado<\/span><\/p><p class=\"P-rrafo-b-sico ParaOverride-95\"><span class=\"Estilos-2 CharOverride-14\">Internado Rotatorio<\/span><\/p><p class=\"P-rrafo-b-sico ParaOverride-95\"><span class=\"Estilos-2 CharOverride-14\">Trabajo Dirigido<\/span><\/p><p class=\"P-rrafo-b-sico ParaOverride-95\"><span class=\"Estilos-2 CharOverride-14\">Excelencia Acad\u00e9mica<\/span><\/p><\/div><p class=\"P-rrafo-b-sico ParaOverride-95\"><span class=\"Estilos-2 CharOverride-13\">Diploma Acad\u00e9mico:<\/span><span class=\"Estilos-2 CharOverride-14\">Licenciado en Odontolog\u00eda<\/span><\/p><p class=\"P-rrafo-b-sico ParaOverride-95\"><span class=\"Estilos-2 CharOverride-13\">T\u00edtulo en Provisi\u00f3n Nacional:<\/span><span class=\"Estilos-2 CharOverride-14\">Odont\u00f3logo<\/span><\/p><p class=\"P-rrafo-b-sico ParaOverride-67\"><span class=\"Estilos-7\">OBJETIVO GENERAL DE LA CARRERA<\/span><\/p><p class=\"P-rrafo-b-sico ParaOverride-10\"><span class=\"Estilos-2 CharOverride-14\">Contribuir a la disminuci\u00f3n de las tasas de morbilidad estomatol\u00f3gica, a trav\u00e9s de la educaci\u00f3n, prevenci\u00f3n, diagn\u00f3stico, tratamiento y rehabilitaci\u00f3n del individuo, la familia y la sociedad; a partir de un desempe\u00f1o profesional eficiente, con alta capacidad cient\u00edfica, humanista y de sensibilidad social.<\/span><\/p><p class=\"P-rrafo-b-sico ParaOverride-67\"><span class=\"Estilos-7\">OBJETIVOS ESPECIFICOS<\/span><\/p><ul><li class=\"P-rrafo-b-sico ParaOverride-42\"><span class=\"Estilos-2 CharOverride-14\">Ejecutar acciones de educaci\u00f3n, prevenci\u00f3n y promoci\u00f3n de la salud bucodental en diferentes sectores de la poblaci\u00f3n y en particular de los ni\u00f1os en edad escolar.<\/span><\/li><li class=\"P-rrafo-b-sico ParaOverride-42\"><span class=\"Estilos-2 CharOverride-14\">Establecer \u00edndices de prevalencia e incidencia de las enfermedades estomatol\u00f3gicas de inter\u00e9s epidemiol\u00f3gico, utilizando la metodolog\u00eda de la investigaci\u00f3n, los m\u00e9todos de trabajo profesional y las t\u00e9cnicas de la inform\u00e1tica y la estad\u00edstica.<\/span><\/li><li class=\"P-rrafo-b-sico ParaOverride-42\"><span class=\"Estilos-2 CharOverride-14\">Participar como parte integrante del equipo de salud multidisciplinario, en programas de interacci\u00f3n social, ejecutando acciones de educaci\u00f3n, prevenci\u00f3n, promoci\u00f3n y atenci\u00f3n primaria estomatol\u00f3gica.<\/span><\/li><li class=\"P-rrafo-b-sico ParaOverride-42\"><span class=\"Estilos-2 CharOverride-14\">Establecer l\u00edneas de acci\u00f3n en la Investigaci\u00f3n cient\u00edfica a trav\u00e9s de la identificaci\u00f3n de las necesidades de salud general y estomatol\u00f3gica de la poblaci\u00f3n en correlaci\u00f3n al avance cient\u00edfico y tecnol\u00f3gico.<\/span><\/li><li class=\"P-rrafo-b-sico ParaOverride-42\"><span class=\"Estilos-2 CharOverride-14\">Prestar atenci\u00f3n estomatol\u00f3gica integral a la poblaci\u00f3n en los diferentes servicios de la Cl\u00ednica de la Facultad.<\/span><\/li><li class=\"P-rrafo-b-sico ParaOverride-42\"><span class=\"Estilos-2 CharOverride-14\">Capacitar con idoneidad y principios de sensibilidad social a los futuros profesionales odont\u00f3logos, contribuyendo a la satisfacci\u00f3n de las exigencias del encargo social.<\/span><\/li><li class=\"P-rrafo-b-sico ParaOverride-42\"><span class=\"Estilos-2 CharOverride-14\">Desarrollar m\u00e9todos, t\u00e9cnicas y procedimientos tendientes al perfeccionamiento de habilidades t\u00e9cnico manuales del estudiante para el ejercicio de la profesi\u00f3n.<\/span><\/li><li class=\"P-rrafo-b-sico ParaOverride-42\"><span class=\"Estilos-2 CharOverride-14\">Inculcar valores de responsabilidad, \u00e9tica y moral en los futuros profesionales estomat\u00f3logos, que les permita integrar su personalidad con el cumplimiento de los objetivos propios de la profesi\u00f3n en estrecha relaci\u00f3n con el medio y la realidad sociocultural de la regi\u00f3n y el Pa\u00eds.<\/span><\/li><\/ul><p class=\"P-rrafo-b-sico ParaOverride-67\"><span class=\"Estilos-7\">PERFIL PROFESIONAL<\/span><\/p><p class=\"P-rrafo-b-sico ParaOverride-10\"><span class=\"Estilos-2 CharOverride-14\">El titulado de la Facultad de Odontolog\u00eda de la Universidad de San Francisco Xavier, ser\u00e1 un profesional de eficiencia, con capacidad de atenci\u00f3n estomatol\u00f3gica integral, s\u00f3lida formaci\u00f3n t\u00e9cnica cient\u00edfica y epidemiol\u00f3gica; con valores \u00e9ticos, human\u00edsticos y alta visi\u00f3n de las necesidad de salud general y estomatol\u00f3gica en correspondencia con las caracter\u00edsticas bio-psicosociales de la poblaci\u00f3n.<\/span><\/p><p class=\"P-rrafo-b-sico ParaOverride-67\"><span class=\"Estilos-7\">APTITUDES REQUERIDAS<\/span><\/p><p class=\"P-rrafo-b-sico ParaOverride-10\"><span class=\"Estilos-2 CharOverride-14\">El Bachiller postulante a la Carrera de Odontolog\u00eda, debe tener habilidades psicomotrices, cognoscitivas en las ciencias naturales y biol\u00f3gicas; de compromiso social, humanista y de vocaci\u00f3n de servicio.<\/span><\/p><p class=\"P-rrafo-b-sico ParaOverride-67\"><span class=\"Estilos-7\">\u00c1REAS DE ACCI\u00d3N<\/span><\/p><ul><li class=\"P-rrafo-b-sico ParaOverride-42\"><span class=\"Estilos-2 CharOverride-14\">Prestar atenci\u00f3n estomatol\u00f3gica integral a la poblaci\u00f3n.<\/span><\/li><li class=\"P-rrafo-b-sico ParaOverride-42\"><span class=\"Estilos-2 CharOverride-14\">Detectar e informar alteraciones del medio ambiente que comprometan la salud bucal.<\/span><\/li><li class=\"P-rrafo-b-sico ParaOverride-42\"><span class=\"Estilos-2 CharOverride-14\">Ejecutar acciones administrativas de acuerdo a su ubicaci\u00f3n laboral.<\/span><\/li><\/ul><p class=\"P-rrafo-b-sico ParaOverride-67\"><span class=\"Estilos-7\">CAMPO DE TRABAJO<\/span><\/p><p class=\"P-rrafo-b-sico ParaOverride-10\"><span class=\"Estilos-2 CharOverride-14\">El profesional odont\u00f3logo podr\u00e1 desarrollar sus actividades de atenci\u00f3n en forma individual o en equipos multidisciplinarios de Instituciones Estatales p\u00fablicas, Organizaciones no gubernamentales y en la pr\u00e1ctica privada.<\/span><\/p><\/div><\/div>\n\t\t\t\t<\/div>\n\t\t\t\t\t\t\t\t<\/div>\n\t\t\t\t<\/div>\n\t\t\t\t<\/div>\n\t\t\t\t<div class=\"elementor-element elementor-element-14df1f05 elementor-widget elementor-widget-toggle\" data-id=\"14df1f05\" data-element_type=\"widget\" data-widget_type=\"toggle.default\">\n\t\t\t\t<div class=\"elementor-widget-container\">\n\t\t\t\t\t<div class=\"elementor-toggle\" role=\"tablist\">\n\t\t\t\t\t\t\t<div class=\"elementor-toggle-item\">\n\t\t\t\t\t<div id=\"elementor-tab-title-3501\" class=\"elementor-tab-title\" data-tab=\"1\" role=\"tab\" aria-controls=\"elementor-tab-content-3501\" aria-expanded=\"false\">\n\t\t\t\t\t\t\t\t\t\t\t\t<span class=\"elementor-toggle-icon elementor-toggle-icon-right\" aria-hidden=\"true\">\n\t\t\t\t\t\t\t\t\t\t\t\t\t\t\t<span class=\"elementor-toggle-icon-closed\"><i class=\"fas fa-caret-right\"><\/i><\/span>\n\t\t\t\t\t\t\t\t<span class=\"elementor-toggle-icon-opened\"><i class=\"elementor-toggle-icon-opened fas fa-caret-up\"><\/i><\/span>\n\t\t\t\t\t\t\t\t\t\t\t\t\t<\/span>\n\t\t\t\t\t\t\t\t\t\t\t\t<a href=\"\" class=\"elementor-toggle-title\">Carrera de Pr\u00f3tesis Dental<\/a>\n\t\t\t\t\t<\/div>\n\n\t\t\t\t\t<div id=\"elementor-tab-content-3501\" class=\"elementor-tab-content elementor-clearfix\" data-tab=\"1\" role=\"tabpanel\" aria-labelledby=\"elementor-tab-title-3501\"><div class=\"Marco-de-texto-b-sico\"><p class=\"P-rrafo-b-sico\"><span class=\"Estilos-12 CharOverride-63\">PR\u00d3TESIS DENTAL<\/span><\/p><\/div><div class=\"Marco-de-texto-b-sico\"><p class=\"P-rrafo-b-sico ParaOverride-79\"><span class=\"Estilos-2 CharOverride-13\">Grado Acad\u00e9mico:<\/span><span class=\"Estilos-2 CharOverride-14\">T\u00e9cnico Superior<\/span><\/p><p class=\"P-rrafo-b-sico ParaOverride-79\"><span class=\"Estilos-2 CharOverride-13\">Tiempo de Profesionalizaci\u00f3n:<\/span><span class=\"Estilos-2 CharOverride-14\">3 a\u00f1os<\/span><\/p><p class=\"P-rrafo-b-sico ParaOverride-79\"><span class=\"Estilos-2 CharOverride-13\">Modalidad de Admisi\u00f3n:<\/span><span class=\"Estilos-2 CharOverride-14\">Ingreso Libre<\/span><\/p><p class=\"P-rrafo-b-sico ParaOverride-79\"><span class=\"Estilos-2 CharOverride-13\">Modalidad de Graduaci\u00f3n:<\/span><\/p><div class=\"modalidad\"><p class=\"P-rrafo-b-sico ParaOverride-79\"><span class=\"Estilos-2 CharOverride-14\">Pasant\u00eda<\/span><\/p><p class=\"P-rrafo-b-sico ParaOverride-79\"><span class=\"Estilos-2 CharOverride-14\">Elaboraci\u00f3n y Defensa de Monograf\u00eda<\/span><\/p><\/div><p class=\"P-rrafo-b-sico ParaOverride-79\"><span class=\"Estilos-2 CharOverride-13\">Diploma Acad\u00e9mico:<\/span><span class=\"Estilos-2 CharOverride-14\">T\u00e9cnico Universitario en Pr\u00f3tesis Dental<\/span><\/p><p class=\"P-rrafo-b-sico ParaOverride-79\"><span class=\"Estilos-2 CharOverride-13\">T\u00edtulo en Provisi\u00f3n Nacional:<\/span><span class=\"Estilos-2 CharOverride-14\">T\u00e9cnico Superior en Pr\u00f3tesis Dental<\/span><\/p><p class=\"P-rrafo-b-sico ParaOverride-10\"><span class=\"Estilos-7\">O<\/span><span class=\"Estilos-7\">BJETIVO GENERAL DE LA CARRERA<\/span><\/p><p class=\"P-rrafo-b-sico ParaOverride-10\"><span class=\"Estilos-2 CharOverride-14\">Brindar a la poblaci\u00f3n estudiantil en etapa de profesionalizaci\u00f3n, la oportunidad de acceder a un aprendizaje actualizado que abarque los contenidos necesarios para colaborar eficazmente con el odont\u00f3logo dentro del \u00e1rea de su responsabilidad.<\/span><\/p><p class=\"P-rrafo-b-sico ParaOverride-10\"><span class=\"Estilos-7\">OBJETIVOS ESPECIFICOS<\/span><\/p><ul><li class=\"P-rrafo-b-sico ParaOverride-19\"><span class=\"Estilos-2 CharOverride-14\">Dise\u00f1ar el proceso de ense\u00f1anza-aprendizaje de pr\u00f3tesis dental para el desarrollo de conocimientos, habilidades y valores en los estudiantes.<\/span><\/li><li class=\"P-rrafo-b-sico ParaOverride-19\"><span class=\"Estilos-2 CharOverride-14\">Seleccionar m\u00e9todos y t\u00e9cnicas de ense\u00f1anza-aprendizaje, para su ejecuci\u00f3n en los programas y planes de asignaturas.<\/span><\/li><li class=\"P-rrafo-b-sico ParaOverride-19\"><span class=\"Estilos-2 CharOverride-14\">Organizaci\u00f3n de elementos de an\u00e1lisis y de s\u00edntesis en el proceso de ense\u00f1anza-aprendizaje, mediante la aplicaci\u00f3n de estrategias adecuadas y oportunas acorde a los ritmos de aprendizaje de los estudiantes, para el desarrollo de habilidades en la elaboraci\u00f3n de pr\u00f3tesis dentales.<\/span><\/li><li class=\"P-rrafo-b-sico ParaOverride-19\"><span class=\"Estilos-2 CharOverride-14\">Desarrollar procesos de extensi\u00f3n universitaria en permanente interacci\u00f3n con la poblaci\u00f3n, para la realizaci\u00f3n de sustitutos dentales.<\/span><\/li><li class=\"P-rrafo-b-sico ParaOverride-19\"><span class=\"Estilos-2 CharOverride-14\">Formar al estudiante considerando al ser humano como un sujeto biol\u00f3gico &#8211; psicosocial, para la cualificaci\u00f3n del trabajo con relaci\u00f3n a la salud integral del ser humano.<\/span><\/li><\/ul><p class=\"P-rrafo-b-sico ParaOverride-10\"><span class=\"Estilos-7\">PERFIL PROFESIONAL<\/span><\/p><p class=\"P-rrafo-b-sico ParaOverride-10\"><span class=\"Estilos-2 CharOverride-14\">El profesional T\u00e9cnico Superior en Pr\u00f3tesis Dental, estar\u00e1 preparado para elaborar todo tipo de trabajos prot\u00e9sicos en general y de especialidades como la ortodoncia y otros que el odont\u00f3logo ordene.<\/span><\/p><p class=\"P-rrafo-b-sico ParaOverride-10\"><span class=\"Estilos-2 CharOverride-14\">Obtener conocimientos, aptitudes, valores, capacidades y habilidades puntualizadas en<\/span><span class=\"Estilos-2 CharOverride-43\">\u00a0los siguientes t\u00e9rmino<\/span><span class=\"Estilos-2 CharOverride-14\">s:<\/span><\/p><ul><li class=\"P-rrafo-b-sico ParaOverride-42\"><span class=\"Estilos-2 CharOverride-14\">Poseer\u00e1 conocimientos t\u00e9cnico-cient\u00edficos de los diferentes materiales de elaboraci\u00f3n de aparatos prot\u00e9sicos dentales y de especialidad , en el dise\u00f1o, preparaci\u00f3n y elaboraci\u00f3n de los mismos<\/span><\/li><li class=\"P-rrafo-b-sico ParaOverride-42\"><span class=\"Estilos-2 CharOverride-14\">Obtendr\u00e1 aptitudes para reconocer y ser capaz de ejecutar todas las t\u00e9cnicas intermedias para la confecci\u00f3n de dichos aparatos con todo tipo de material, instrumental y aparatolog\u00eda, a fin de lograr un ente prot\u00e9tico de acuerdo con lo solicitado por el odont\u00f3logo, \u00fanico responsable ante el paciente y la comunidad.<\/span><\/li><li class=\"P-rrafo-b-sico ParaOverride-42\"><span class=\"Estilos-2 CharOverride-14\">Estar\u00e1 capacitado para evaluar los resultados obtenidos con cada procedimiento, efectuando, asimismo, los correspondientes controles de calidad.<\/span><\/li><li class=\"P-rrafo-b-sico ParaOverride-42\"><span class=\"Estilos-2 CharOverride-14\">Identificar\u00e1 problemas cient\u00edficos simples, y estar\u00e1 capacitado para desarrollar y evaluar un dise\u00f1o experimental.<\/span><\/li><li class=\"P-rrafo-b-sico ParaOverride-42\"><span class=\"Estilos-2 CharOverride-14\">Ser\u00e1 consiente de la necesidad de su permanente actualizaci\u00f3n y perfeccionamiento, as\u00ed como de su auto evaluaci\u00f3n continua a su labor profesional.<\/span><\/li><li class=\"P-rrafo-b-sico ParaOverride-42\"><span class=\"Estilos-2 CharOverride-14\">Deber\u00e1 ser ordenado, puntual, pulcro, responsable, met\u00f3dico y \u00e9tico en el desarrollo de sus actividades profesionales.<\/span><\/li><\/ul><p class=\"P-rrafo-b-sico ParaOverride-10\"><span class=\"Estilos-7\">APTITUDES REQUERIDAS<\/span><\/p><p class=\"P-rrafo-b-sico ParaOverride-10\"><span class=\"Estilos-2 CharOverride-14\">El Bachiller postulante a la Carrera de Pr\u00f3tesis Dental, debe:<\/span><\/p><ul><li class=\"P-rrafo-b-sico ParaOverride-42\"><span class=\"Estilos-2 CharOverride-14\">Tener vocaci\u00f3n por las \u00e1reas de salud.<\/span><\/li><li class=\"P-rrafo-b-sico ParaOverride-42\"><span class=\"Estilos-2 CharOverride-14\">Tener habilidades manuales.<\/span><\/li><li class=\"P-rrafo-b-sico ParaOverride-42\"><span class=\"Estilos-2 CharOverride-14\">Capacidad de investigaci\u00f3n.<\/span><\/li><li class=\"P-rrafo-b-sico ParaOverride-42\"><span class=\"Estilos-2 CharOverride-14\">Tener altos valores \u00e9ticos.<\/span><\/li><\/ul><p class=\"P-rrafo-b-sico ParaOverride-10\"><span class=\"Estilos-7\">\u00c1REAS DE ACCI\u00d3N<\/span><\/p><p class=\"P-rrafo-b-sico ParaOverride-10\"><span class=\"Estilos-2 CharOverride-14\">El profesional titulado como T\u00e9cnico Superior en Pr\u00f3tesis Dental, al ser formado para colaborar y complementarse con el odont\u00f3logo en el dise\u00f1o y elaboraci\u00f3n de aparatos prot\u00e9sicos, podr\u00e1 ejercer sus funciones t\u00e9cnico-profesionales.<\/span><\/p><p class=\"P-rrafo-b-sico ParaOverride-10\"><span class=\"Estilos-7\">CAMPO DE TRABAJO<\/span><\/p><ul><li class=\"P-rrafo-b-sico ParaOverride-42\"><span class=\"Estilos-2 CharOverride-14\">Podr\u00e1 ejercer sus funciones en cl\u00ednicas dentales, y consultorios odontol\u00f3gicos particulares.<\/span><\/li><li class=\"P-rrafo-b-sico ParaOverride-42\"><span class=\"Estilos-2 CharOverride-14\">Administrar, organizar y gerencia trabajando en su propio Laboratorio Dental, convirti\u00e9ndose en microempresario.<\/span><\/li><li class=\"P-rrafo-b-sico ParaOverride-42\"><span class=\"Estilos-2 CharOverride-14\">Asesorar al equipo de salud y \/o colegas, sobre adelantos tecnol\u00f3gicos surgidos en el \u00e1rea de su profesi\u00f3n.<\/span><\/li><li class=\"P-rrafo-b-sico ParaOverride-42\"><span class=\"Estilos-2 CharOverride-14\">Colaborar en la formaci\u00f3n de nuevos t\u00e9cnicos en las distintas pr\u00e1cticas que desarrolle en conjunto con los odont\u00f3logos.<\/span><\/li><li class=\"P-rrafo-b-sico ParaOverride-99\"><span class=\"Estilos-2 CharOverride-14\">Participar de investigaciones en el \u00e1rea espec\u00edfica de su profesi\u00f3n.<\/span><\/li><\/ul><\/div><\/div>\n\t\t\t\t<\/div>\n\t\t\t\t\t\t\t\t<\/div>\n\t\t\t\t<\/div>\n\t\t\t\t<\/div>\n\t\t\t\t\t<\/div>\n\t\t<\/div>\n\t\t\t\t\t\t\t<\/div>\n\t\t<\/section>\n\t\t\t\t\t\t\t<\/div>\n\t\t","protected":false},"excerpt":{"rendered":"<p>Facultad de odontolog\u00eda Carrera de Odontolog\u00eda ODONTOLOGIA Grado Acad\u00e9mico:Licenciado Tiempo de Profesionalizaci\u00f3n:5 a\u00f1os Modalidad de Admisi\u00f3n:Examen de Admisi\u00f3n Modalidad de Graduaci\u00f3n: Examen de Grado Tesis de Grado Internado Rotatorio Trabajo Dirigido Excelencia Acad\u00e9mica Diploma Acad\u00e9mico:Licenciado en Odontolog\u00eda T\u00edtulo en Provisi\u00f3n Nacional:Odont\u00f3logo OBJETIVO GENERAL DE LA CARRERA Contribuir a la disminuci\u00f3n de las tasas de morbilidad &hellip;<\/p>\n<p class=\"read-more\"> <a class=\"\" href=\"https:\/\/laprepa.net\/?page_id=218\"> <span class=\"screen-reader-text\">Facultad de odontolog\u00eda<\/span> Leer m\u00e1s &raquo;<\/a><\/p>\n","protected":false},"author":1,"featured_media":0,"parent":0,"menu_order":0,"comment_status":"closed","ping_status":"closed","template":"","meta":{"site-sidebar-layout":"no-sidebar","site-content-layout":"page-builder","ast-global-header-display":"","ast-main-header-display":"","ast-hfb-above-header-display":"","ast-hfb-below-header-display":"","ast-hfb-mobile-header-display":"","site-post-title":"disabled","ast-breadcrumbs-content":"","ast-featured-img":"disabled","footer-sml-layout":"","theme-transparent-header-meta":"","adv-header-id-meta":"","stick-header-meta":"","header-above-stick-meta":"","header-main-stick-meta":"","header-below-stick-meta":""},"_links":{"self":[{"href":"https:\/\/laprepa.net\/index.php?rest_route=\/wp\/v2\/pages\/218"}],"collection":[{"href":"https:\/\/laprepa.net\/index.php?rest_route=\/wp\/v2\/pages"}],"about":[{"href":"https:\/\/laprepa.net\/index.php?rest_route=\/wp\/v2\/types\/page"}],"author":[{"embeddable":true,"href":"https:\/\/laprepa.net\/index.php?rest_route=\/wp\/v2\/users\/1"}],"replies":[{"embeddable":true,"href":"https:\/\/laprepa.net\/index.php?rest_route=%2Fwp%2Fv2%2Fcomments&post=218"}],"version-history":[{"count":7,"href":"https:\/\/laprepa.net\/index.php?rest_route=\/wp\/v2\/pages\/218\/revisions"}],"predecessor-version":[{"id":420,"href":"https:\/\/laprepa.net\/index.php?rest_route=\/wp\/v2\/pages\/218\/revisions\/420"}],"wp:attachment":[{"href":"https:\/\/laprepa.net\/index.php?rest_route=%2Fwp%2Fv2%2Fmedia&parent=218"}],"curies":[{"name":"wp","href":"https:\/\/api.w.org\/{rel}","templated":true}]}}