{"id":220,"date":"2022-10-12T18:35:45","date_gmt":"2022-10-12T18:35:45","guid":{"rendered":"https:\/\/laprepa.net\/web\/?page_id=220"},"modified":"2022-10-13T18:21:32","modified_gmt":"2022-10-13T18:21:32","slug":"facultad-de-ciencias-de-la-enfermeria-y-obstetricia","status":"publish","type":"page","link":"https:\/\/laprepa.net\/?page_id=220","title":{"rendered":"Facultad de ciencias de la enfermer\u00eda y obstetricia"},"content":{"rendered":"\t\t<div data-elementor-type=\"wp-page\" data-elementor-id=\"220\" class=\"elementor elementor-220\">\n\t\t\t\t\t\t\t\t\t<section class=\"elementor-section elementor-top-section elementor-element elementor-element-63a91519 elementor-section-content-middle elementor-section-boxed elementor-section-height-default elementor-section-height-default\" data-id=\"63a91519\" data-element_type=\"section\">\n\t\t\t\t\t\t<div class=\"elementor-container elementor-column-gap-no\">\n\t\t\t\t\t<div class=\"elementor-column elementor-col-100 elementor-top-column elementor-element elementor-element-480d984c\" data-id=\"480d984c\" data-element_type=\"column\">\n\t\t\t<div class=\"elementor-widget-wrap elementor-element-populated\">\n\t\t\t\t\t\t\t\t<div class=\"elementor-element elementor-element-10396edb elementor-widget elementor-widget-heading\" data-id=\"10396edb\" data-element_type=\"widget\" data-widget_type=\"heading.default\">\n\t\t\t\t<div class=\"elementor-widget-container\">\n\t\t\t<style>\/*! elementor - v3.7.8 - 02-10-2022 *\/\n.elementor-heading-title{padding:0;margin:0;line-height:1}.elementor-widget-heading .elementor-heading-title[class*=elementor-size-]>a{color:inherit;font-size:inherit;line-height:inherit}.elementor-widget-heading .elementor-heading-title.elementor-size-small{font-size:15px}.elementor-widget-heading .elementor-heading-title.elementor-size-medium{font-size:19px}.elementor-widget-heading .elementor-heading-title.elementor-size-large{font-size:29px}.elementor-widget-heading .elementor-heading-title.elementor-size-xl{font-size:39px}.elementor-widget-heading .elementor-heading-title.elementor-size-xxl{font-size:59px}<\/style><h4 class=\"elementor-heading-title elementor-size-default\">Facultad de ciencias de la enfermer\u00eda y obstetricia\n<\/h4>\t\t<\/div>\n\t\t\t\t<\/div>\n\t\t\t\t<div class=\"elementor-element elementor-element-f6c5504 elementor-widget elementor-widget-toggle\" data-id=\"f6c5504\" data-element_type=\"widget\" data-widget_type=\"toggle.default\">\n\t\t\t\t<div class=\"elementor-widget-container\">\n\t\t\t<style>\/*! elementor - v3.7.8 - 02-10-2022 *\/\n.elementor-toggle{text-align:left}.elementor-toggle .elementor-tab-title{font-weight:700;line-height:1;margin:0;padding:15px;border-bottom:1px solid #d4d4d4;cursor:pointer;outline:none}.elementor-toggle .elementor-tab-title .elementor-toggle-icon{display:inline-block;width:1em}.elementor-toggle .elementor-tab-title .elementor-toggle-icon svg{-webkit-margin-start:-5px;margin-inline-start:-5px;width:1em;height:1em}.elementor-toggle .elementor-tab-title .elementor-toggle-icon.elementor-toggle-icon-right{float:right;text-align:right}.elementor-toggle .elementor-tab-title .elementor-toggle-icon.elementor-toggle-icon-left{float:left;text-align:left}.elementor-toggle .elementor-tab-title .elementor-toggle-icon .elementor-toggle-icon-closed{display:block}.elementor-toggle .elementor-tab-title .elementor-toggle-icon .elementor-toggle-icon-opened{display:none}.elementor-toggle .elementor-tab-title.elementor-active{border-bottom:none}.elementor-toggle .elementor-tab-title.elementor-active .elementor-toggle-icon-closed{display:none}.elementor-toggle .elementor-tab-title.elementor-active .elementor-toggle-icon-opened{display:block}.elementor-toggle .elementor-tab-content{padding:15px;border-bottom:1px solid #d4d4d4;display:none}@media (max-width:767px){.elementor-toggle .elementor-tab-title{padding:12px}.elementor-toggle .elementor-tab-content{padding:12px 10px}}.e-container>.elementor-widget-toggle{width:var(--container-widget-width,100%)}<\/style>\t\t<div class=\"elementor-toggle\" role=\"tablist\">\n\t\t\t\t\t\t\t<div class=\"elementor-toggle-item\">\n\t\t\t\t\t<div id=\"elementor-tab-title-2581\" class=\"elementor-tab-title\" data-tab=\"1\" role=\"tab\" aria-controls=\"elementor-tab-content-2581\" aria-expanded=\"false\">\n\t\t\t\t\t\t\t\t\t\t\t\t<span class=\"elementor-toggle-icon elementor-toggle-icon-right\" aria-hidden=\"true\">\n\t\t\t\t\t\t\t\t\t\t\t\t\t\t\t<span class=\"elementor-toggle-icon-closed\"><i class=\"fas fa-caret-right\"><\/i><\/span>\n\t\t\t\t\t\t\t\t<span class=\"elementor-toggle-icon-opened\"><i class=\"elementor-toggle-icon-opened fas fa-caret-up\"><\/i><\/span>\n\t\t\t\t\t\t\t\t\t\t\t\t\t<\/span>\n\t\t\t\t\t\t\t\t\t\t\t\t<a href=\"\" class=\"elementor-toggle-title\">CARRERA DE ENFERMER\u00cdA (Sucre y Padilla)<\/a>\n\t\t\t\t\t<\/div>\n\n\t\t\t\t\t<div id=\"elementor-tab-content-2581\" class=\"elementor-tab-content elementor-clearfix\" data-tab=\"1\" role=\"tabpanel\" aria-labelledby=\"elementor-tab-title-2581\"><div class=\"Marco-de-texto-b-sico\"><p class=\"P-rrafo-b-sico\"><span class=\"Estilos-12 CharOverride-63\"><strong>ENFERMER\u00cdA OBSTETRIZ<\/strong><\/span><\/p><p class=\"P-rrafo-b-sico\"><span class=\"Estilos-12 CharOverride-69\">(Monteagudo)<\/span><\/p><\/div><div class=\"_idGenObjectStyleOverride-1\"><p class=\"P-rrafo-b-sico ParaOverride-107\"><span class=\"Estilos-1 CharOverride-13\">Grado Acad\u00e9mico:\u00a0<\/span><span class=\"Estilos-1 CharOverride-14\">Licenciatura<\/span><\/p><p class=\"P-rrafo-b-sico ParaOverride-107\"><span class=\"Estilos-1 CharOverride-13\">Tiempo de Profesionalizaci\u00f3n<\/span><span class=\"Estilos-1 CharOverride-14\">: 4 A\u00f1os<\/span><\/p><p class=\"P-rrafo-b-sico ParaOverride-107\"><span class=\"Estilos-1 CharOverride-13\">Modalidad de Admisi\u00f3n<\/span><span class=\"Estilos-1 CharOverride-14\">: Examen de Admisi\u00f3n<\/span><\/p><p class=\"P-rrafo-b-sico ParaOverride-107\"><span class=\"Estilos-1 CharOverride-13\">Modalidad de Graduaci\u00f3n :<\/span><\/p><div class=\"modalidad\"><p class=\"P-rrafo-b-sico ParaOverride-107\"><span class=\"Estilos-1 CharOverride-14\">Internado Rotatorio<\/span><\/p><\/div><p class=\"P-rrafo-b-sico ParaOverride-107\"><span class=\"Estilos-1 CharOverride-13\">Diploma Acad\u00e9mico:<\/span><span class=\"Estilos-1 CharOverride-14\">\u00a0Licenciado\/a en Enfermer\u00eda Obstetriz<\/span><\/p><p class=\"P-rrafo-b-sico ParaOverride-107\"><span class=\"Estilos-1 CharOverride-13\">T\u00edtulo en Provisi\u00f3n Nacional:<\/span><span class=\"Estilos-1 CharOverride-14\">\u00a0Licenciado\/a en Enfermer\u00eda Obstetriz<\/span><\/p><p class=\"P-rrafo-b-sico ParaOverride-10\"><span class=\"Estilos-7\">OBJETIVOS DE LA CARRERA<\/span><\/p><p class=\"P-rrafo-b-sico ParaOverride-82\"><span class=\"Estilos-1 CharOverride-14\">Formar profesionales id\u00f3neos, de reconocida calidad \u00e9tica y cient\u00edfica, con conciencia cr\u00edtica, comprometidas\/os en el desarrollo humano y la calidad de vida de la mujer y su hijo (a); capaces de generar el conocimiento mediante la investigaci\u00f3n cient\u00edfica y tecnol\u00f3gica, para responder con pertinencia a las demandas y expectativas de la sociedad.<\/span><\/p><p class=\"P-rrafo-b-sico ParaOverride-10\"><span class=\"Estilos-7\">PERFIL PROFESIONAL<\/span><\/p><p class=\"P-rrafo-b-sico ParaOverride-82\"><span class=\"Estilos-1 CharOverride-14\">La Enfermera\/o Obstetriz, es un\/a profesional universitaria a nivel de licenciatura, con una s\u00f3lida formaci\u00f3n integral cient\u00edfica, tecnol\u00f3gica, humanista, social, \u00e9tica y moral para un desempe\u00f1o profesional aut\u00f3nomo, con capacidad de resoluci\u00f3n, contribuyendo con sus acciones al mejoramiento de la salud y calidad de vida de la mujer y su hijo(a), por consiguiente de la poblaci\u00f3n boliviana.<\/span><\/p><p class=\"P-rrafo-b-sico ParaOverride-82\"><span class=\"Estilos-1 CharOverride-14\">Como integrante de equipo salud multi e interdisciplinarios en las \u00e1reas de Obstetricia, Ginecolog\u00eda, Salud Sexual y Re productiva, Neonatolog\u00eda y Salud familiar y comunitaria, le compete las funciones de la gesti\u00f3n del cuidado en parter\u00eda, promoci\u00f3n y protecci\u00f3n de la salud, prevenci\u00f3n de enfermedades, pesquisa, resoluci\u00f3n de problemas del \u00e1mbito de su competencia y la referencia oportuna a los niveles de salud correspondientes, con la participaci\u00f3n de la comunidad.<\/span><\/p><p class=\"P-rrafo-b-sico ParaOverride-82\"><span class=\"Estilos-1 CharOverride-14\">En el \u00e1mbito de su competencia y la capacidad instalada de su lugar de trabajo, desempe\u00f1a sus funciones en el marco de los derechos humanos con enfoque intercultural, familiar, de g\u00e9nero y generacional en las distintas etapas del ciclo vital de las personas, asegurando la atenci\u00f3n del continuo de la vida, coadyuvando al logro de la pol\u00edtica nacional de salud y por ende al desarrollo del pa\u00eds.<\/span><\/p><p class=\"P-rrafo-b-sico ParaOverride-82\"><span class=\"Estilos-1 CharOverride-14\">Posee una actitud cr\u00edtica, reflexiva y propositiva de aprendizaje continuo, aptitudes de liderazgo, investigaci\u00f3n, comunicaci\u00f3n, capacidad de gesti\u00f3n e integraci\u00f3n, trabajo en equipo, siendo<\/span><\/p><p class=\"P-rrafo-b-sico ParaOverride-82\"><span class=\"Estilos-1 CharOverride-14\">capaz de generar e integrar nuevos conocimientos en el campo de su competencia.<\/span><\/p><p class=\"P-rrafo-b-sico ParaOverride-10\"><span class=\"Estilos-7\">ACTITUDES REQUERIDAS<\/span><\/p><ul><li class=\"P-rrafo-b-sico ParaOverride-44\"><span class=\"Estilos-1 CharOverride-14\">Compromiso con el desarrollo humano de las mujeres.<\/span><\/li><li class=\"P-rrafo-b-sico ParaOverride-44\"><span class=\"Estilos-1 CharOverride-14\">Inter\u00e9s por la salud de la mujer y el reci\u00e9n nacido\/a y los problemas sociales del entorno de las mujeres.<\/span><\/li><li class=\"P-rrafo-b-sico ParaOverride-44\"><span class=\"Estilos-1 CharOverride-14\">Alto sentido de responsabilidad.<\/span><\/li><li class=\"P-rrafo-b-sico ParaOverride-44\"><span class=\"Estilos-1 CharOverride-14\">Capacidad de an\u00e1lisis, creatividad, observaci\u00f3n, interpretaci\u00f3n y toma de decisiones.<\/span><\/li><li class=\"P-rrafo-b-sico ParaOverride-44\"><span class=\"Estilos-1 CharOverride-14\">Compromiso consigo mismo y el desarrollo del grupo al que pertenecen.<\/span><\/li><li class=\"P-rrafo-b-sico ParaOverride-44\"><span class=\"Estilos-1 CharOverride-14\">Inter\u00e9s por el estudio permanente Aptitudes de liderazgo, comunicaci\u00f3n y trabajo en equipo.<\/span><\/li><li class=\"P-rrafo-b-sico ParaOverride-44\"><span class=\"Estilos-1 CharOverride-14\">Motivaci\u00f3n para la investigaci\u00f3n.<\/span><\/li><\/ul><p class=\"P-rrafo-b-sico ParaOverride-10\"><span class=\"Estilos-7\">\u00c1REAS DE ACCI\u00d3N<\/span><\/p><ul><li class=\"P-rrafo-b-sico ParaOverride-44\"><span class=\"Estilos-1 CharOverride-14\">Atenci\u00f3n Integral en enfermer\u00eda Obstetriz, en servicios de obstetricia, neonatal y salud sexual reproductiva.<\/span><\/li><li class=\"P-rrafo-b-sico ParaOverride-44\"><span class=\"Estilos-1 CharOverride-14\">Administraci\u00f3n, gesti\u00f3n y liderazgo en servicios de Obstetricia, neonatolog\u00eda y salud sexual reproductiva en el primer y segundo nivel de atenci\u00f3n del \u00e1rea rural<\/span><\/li><li class=\"P-rrafo-b-sico ParaOverride-44\"><span class=\"Estilos-1 CharOverride-14\">Educaci\u00f3n en salud y trabajo comunitario.<\/span><\/li><li class=\"P-rrafo-b-sico ParaOverride-44\"><span class=\"Estilos-1 CharOverride-14\">Investigaci\u00f3n operativa, social y aplicada.<\/span><\/li><\/ul><p class=\"P-rrafo-b-sico ParaOverride-10\"><span class=\"Estilos-7\">CAMPO DE TRABAJO<\/span><\/p><ul><li class=\"P-rrafo-b-sico ParaOverride-44\"><span class=\"Estilos-1 CharOverride-14\">Instituciones p\u00fablicas de salud y de la Seguridad Social del 1er. 2do nivel de atenci\u00f3n en el \u00e1rea rural.<\/span><\/li><li class=\"P-rrafo-b-sico ParaOverride-44\"><span class=\"Estilos-1 CharOverride-14\">Instituciones de salud privados y ONGs en el \u00e1rea rural en el campo de la salud materna y neonatal.<\/span><\/li><li class=\"P-rrafo-b-sico ParaOverride-44\"><span class=\"Estilos-1 CharOverride-14\">Servicios de ginecolog\u00eda, obstetricia, neonatolog\u00eda y salud sexual reproductiva.<\/span><\/li><\/ul><\/div><\/div>\n\t\t\t\t<\/div>\n\t\t\t\t\t\t\t\t<\/div>\n\t\t\t\t<\/div>\n\t\t\t\t<\/div>\n\t\t\t\t<div class=\"elementor-element elementor-element-54c423e1 elementor-widget elementor-widget-toggle\" data-id=\"54c423e1\" data-element_type=\"widget\" data-widget_type=\"toggle.default\">\n\t\t\t\t<div class=\"elementor-widget-container\">\n\t\t\t\t\t<div class=\"elementor-toggle\" role=\"tablist\">\n\t\t\t\t\t\t\t<div class=\"elementor-toggle-item\">\n\t\t\t\t\t<div id=\"elementor-tab-title-1421\" class=\"elementor-tab-title\" data-tab=\"1\" role=\"tab\" aria-controls=\"elementor-tab-content-1421\" aria-expanded=\"false\">\n\t\t\t\t\t\t\t\t\t\t\t\t<span class=\"elementor-toggle-icon elementor-toggle-icon-right\" aria-hidden=\"true\">\n\t\t\t\t\t\t\t\t\t\t\t\t\t\t\t<span class=\"elementor-toggle-icon-closed\"><i class=\"fas fa-caret-right\"><\/i><\/span>\n\t\t\t\t\t\t\t\t<span class=\"elementor-toggle-icon-opened\"><i class=\"elementor-toggle-icon-opened fas fa-caret-up\"><\/i><\/span>\n\t\t\t\t\t\t\t\t\t\t\t\t\t<\/span>\n\t\t\t\t\t\t\t\t\t\t\t\t<a href=\"\" class=\"elementor-toggle-title\">CARRERA DE ENFERMER\u00cdA OBSTETRIZ (Monteagudo)<\/a>\n\t\t\t\t\t<\/div>\n\n\t\t\t\t\t<div id=\"elementor-tab-content-1421\" class=\"elementor-tab-content elementor-clearfix\" data-tab=\"1\" role=\"tabpanel\" aria-labelledby=\"elementor-tab-title-1421\"><div class=\"Marco-de-texto-b-sico\"><p class=\"P-rrafo-b-sico\"><span class=\"Estilos-12 CharOverride-63\"><strong>ENFERMER\u00cdA OBSTETRIZ<\/strong><\/span><\/p><p class=\"P-rrafo-b-sico\"><span class=\"Estilos-12 CharOverride-69\">(Monteagudo)<\/span><\/p><\/div><div class=\"_idGenObjectStyleOverride-1\"><p class=\"P-rrafo-b-sico ParaOverride-107\"><span class=\"Estilos-1 CharOverride-13\">Grado Acad\u00e9mico:\u00a0<\/span><span class=\"Estilos-1 CharOverride-14\">Licenciatura<\/span><\/p><p class=\"P-rrafo-b-sico ParaOverride-107\"><span class=\"Estilos-1 CharOverride-13\">Tiempo de Profesionalizaci\u00f3n<\/span><span class=\"Estilos-1 CharOverride-14\">: 4 A\u00f1os<\/span><\/p><p class=\"P-rrafo-b-sico ParaOverride-107\"><span class=\"Estilos-1 CharOverride-13\">Modalidad de Admisi\u00f3n<\/span><span class=\"Estilos-1 CharOverride-14\">: Examen de Admisi\u00f3n<\/span><\/p><p class=\"P-rrafo-b-sico ParaOverride-107\"><span class=\"Estilos-1 CharOverride-13\">Modalidad de Graduaci\u00f3n :<\/span><\/p><div class=\"modalidad\"><p class=\"P-rrafo-b-sico ParaOverride-107\"><span class=\"Estilos-1 CharOverride-14\">Internado Rotatorio<\/span><\/p><\/div><p class=\"P-rrafo-b-sico ParaOverride-107\"><span class=\"Estilos-1 CharOverride-13\">Diploma Acad\u00e9mico:<\/span><span class=\"Estilos-1 CharOverride-14\">\u00a0Licenciado\/a en Enfermer\u00eda Obstetriz<\/span><\/p><p class=\"P-rrafo-b-sico ParaOverride-107\"><span class=\"Estilos-1 CharOverride-13\">T\u00edtulo en Provisi\u00f3n Nacional:<\/span><span class=\"Estilos-1 CharOverride-14\">\u00a0Licenciado\/a en Enfermer\u00eda Obstetriz<\/span><\/p><p class=\"P-rrafo-b-sico ParaOverride-10\"><span class=\"Estilos-7\">OBJETIVOS DE LA CARRERA<\/span><\/p><p class=\"P-rrafo-b-sico ParaOverride-82\"><span class=\"Estilos-1 CharOverride-14\">Formar profesionales id\u00f3neos, de reconocida calidad \u00e9tica y cient\u00edfica, con conciencia cr\u00edtica, comprometidas\/os en el desarrollo humano y la calidad de vida de la mujer y su hijo (a); capaces de generar el conocimiento mediante la investigaci\u00f3n cient\u00edfica y tecnol\u00f3gica, para responder con pertinencia a las demandas y expectativas de la sociedad.<\/span><\/p><p class=\"P-rrafo-b-sico ParaOverride-10\"><span class=\"Estilos-7\">PERFIL PROFESIONAL<\/span><\/p><p class=\"P-rrafo-b-sico ParaOverride-82\"><span class=\"Estilos-1 CharOverride-14\">La Enfermera\/o Obstetriz, es un\/a profesional universitaria a nivel de licenciatura, con una s\u00f3lida formaci\u00f3n integral cient\u00edfica, tecnol\u00f3gica, humanista, social, \u00e9tica y moral para un desempe\u00f1o profesional aut\u00f3nomo, con capacidad de resoluci\u00f3n, contribuyendo con sus acciones al mejoramiento de la salud y calidad de vida de la mujer y su hijo(a), por consiguiente de la poblaci\u00f3n boliviana.<\/span><\/p><p class=\"P-rrafo-b-sico ParaOverride-82\"><span class=\"Estilos-1 CharOverride-14\">Como integrante de equipo salud multi e interdisciplinarios en las \u00e1reas de Obstetricia, Ginecolog\u00eda, Salud Sexual y Re productiva, Neonatolog\u00eda y Salud familiar y comunitaria, le compete las funciones de la gesti\u00f3n del cuidado en parter\u00eda, promoci\u00f3n y protecci\u00f3n de la salud, prevenci\u00f3n de enfermedades, pesquisa, resoluci\u00f3n de problemas del \u00e1mbito de su competencia y la referencia oportuna a los niveles de salud correspondientes, con la participaci\u00f3n de la comunidad.<\/span><\/p><p class=\"P-rrafo-b-sico ParaOverride-82\"><span class=\"Estilos-1 CharOverride-14\">En el \u00e1mbito de su competencia y la capacidad instalada de su lugar de trabajo, desempe\u00f1a sus funciones en el marco de los derechos humanos con enfoque intercultural, familiar, de g\u00e9nero y generacional en las distintas etapas del ciclo vital de las personas, asegurando la atenci\u00f3n del continuo de la vida, coadyuvando al logro de la pol\u00edtica nacional de salud y por ende al desarrollo del pa\u00eds.<\/span><\/p><p class=\"P-rrafo-b-sico ParaOverride-82\"><span class=\"Estilos-1 CharOverride-14\">Posee una actitud cr\u00edtica, reflexiva y propositiva de aprendizaje continuo, aptitudes de liderazgo, investigaci\u00f3n, comunicaci\u00f3n, capacidad de gesti\u00f3n e integraci\u00f3n, trabajo en equipo, siendo<\/span><\/p><p class=\"P-rrafo-b-sico ParaOverride-82\"><span class=\"Estilos-1 CharOverride-14\">capaz de generar e integrar nuevos conocimientos en el campo de su competencia.<\/span><\/p><p class=\"P-rrafo-b-sico ParaOverride-10\"><span class=\"Estilos-7\">ACTITUDES REQUERIDAS<\/span><\/p><ul><li class=\"P-rrafo-b-sico ParaOverride-44\"><span class=\"Estilos-1 CharOverride-14\">Compromiso con el desarrollo humano de las mujeres.<\/span><\/li><li class=\"P-rrafo-b-sico ParaOverride-44\"><span class=\"Estilos-1 CharOverride-14\">Inter\u00e9s por la salud de la mujer y el reci\u00e9n nacido\/a y los problemas sociales del entorno de las mujeres.<\/span><\/li><li class=\"P-rrafo-b-sico ParaOverride-44\"><span class=\"Estilos-1 CharOverride-14\">Alto sentido de responsabilidad.<\/span><\/li><li class=\"P-rrafo-b-sico ParaOverride-44\"><span class=\"Estilos-1 CharOverride-14\">Capacidad de an\u00e1lisis, creatividad, observaci\u00f3n, interpretaci\u00f3n y toma de decisiones.<\/span><\/li><li class=\"P-rrafo-b-sico ParaOverride-44\"><span class=\"Estilos-1 CharOverride-14\">Compromiso consigo mismo y el desarrollo del grupo al que pertenecen.<\/span><\/li><li class=\"P-rrafo-b-sico ParaOverride-44\"><span class=\"Estilos-1 CharOverride-14\">Inter\u00e9s por el estudio permanente Aptitudes de liderazgo, comunicaci\u00f3n y trabajo en equipo.<\/span><\/li><li class=\"P-rrafo-b-sico ParaOverride-44\"><span class=\"Estilos-1 CharOverride-14\">Motivaci\u00f3n para la investigaci\u00f3n.<\/span><\/li><\/ul><p class=\"P-rrafo-b-sico ParaOverride-10\"><span class=\"Estilos-7\">\u00c1REAS DE ACCI\u00d3N<\/span><\/p><ul><li class=\"P-rrafo-b-sico ParaOverride-44\"><span class=\"Estilos-1 CharOverride-14\">Atenci\u00f3n Integral en enfermer\u00eda Obstetriz, en servicios de obstetricia, neonatal y salud sexual reproductiva.<\/span><\/li><li class=\"P-rrafo-b-sico ParaOverride-44\"><span class=\"Estilos-1 CharOverride-14\">Administraci\u00f3n, gesti\u00f3n y liderazgo en servicios de Obstetricia, neonatolog\u00eda y salud sexual reproductiva en el primer y segundo nivel de atenci\u00f3n del \u00e1rea rural<\/span><\/li><li class=\"P-rrafo-b-sico ParaOverride-44\"><span class=\"Estilos-1 CharOverride-14\">Educaci\u00f3n en salud y trabajo comunitario.<\/span><\/li><li class=\"P-rrafo-b-sico ParaOverride-44\"><span class=\"Estilos-1 CharOverride-14\">Investigaci\u00f3n operativa, social y aplicada.<\/span><\/li><\/ul><p class=\"P-rrafo-b-sico ParaOverride-10\"><span class=\"Estilos-7\">CAMPO DE TRABAJO<\/span><\/p><ul><li class=\"P-rrafo-b-sico ParaOverride-44\"><span class=\"Estilos-1 CharOverride-14\">Instituciones p\u00fablicas de salud y de la Seguridad Social del 1er. 2do nivel de atenci\u00f3n en el \u00e1rea rural.<\/span><\/li><li class=\"P-rrafo-b-sico ParaOverride-44\"><span class=\"Estilos-1 CharOverride-14\">Instituciones de salud privados y ONGs en el \u00e1rea rural en el campo de la salud materna y neonatal.<\/span><\/li><li class=\"P-rrafo-b-sico ParaOverride-44\"><span class=\"Estilos-1 CharOverride-14\">Servicios de ginecolog\u00eda, obstetricia, neonatolog\u00eda y salud sexual reproductiva.<\/span><\/li><\/ul><\/div><\/div>\n\t\t\t\t<\/div>\n\t\t\t\t\t\t\t\t<\/div>\n\t\t\t\t<\/div>\n\t\t\t\t<\/div>\n\t\t\t\t\t<\/div>\n\t\t<\/div>\n\t\t\t\t\t\t\t<\/div>\n\t\t<\/section>\n\t\t\t\t\t\t\t<\/div>\n\t\t","protected":false},"excerpt":{"rendered":"<p>Facultad de ciencias de la enfermer\u00eda y obstetricia CARRERA DE ENFERMER\u00cdA (Sucre y Padilla) ENFERMER\u00cdA OBSTETRIZ (Monteagudo) Grado Acad\u00e9mico:\u00a0Licenciatura Tiempo de Profesionalizaci\u00f3n: 4 A\u00f1os Modalidad de Admisi\u00f3n: Examen de Admisi\u00f3n Modalidad de Graduaci\u00f3n : Internado Rotatorio Diploma Acad\u00e9mico:\u00a0Licenciado\/a en Enfermer\u00eda Obstetriz T\u00edtulo en Provisi\u00f3n Nacional:\u00a0Licenciado\/a en Enfermer\u00eda Obstetriz OBJETIVOS DE LA CARRERA Formar profesionales id\u00f3neos, &hellip;<\/p>\n<p class=\"read-more\"> <a class=\"\" href=\"https:\/\/laprepa.net\/?page_id=220\"> <span class=\"screen-reader-text\">Facultad de ciencias de la enfermer\u00eda y obstetricia<\/span> Leer m\u00e1s &raquo;<\/a><\/p>\n","protected":false},"author":1,"featured_media":0,"parent":0,"menu_order":0,"comment_status":"closed","ping_status":"closed","template":"","meta":{"site-sidebar-layout":"no-sidebar","site-content-layout":"page-builder","ast-global-header-display":"","ast-main-header-display":"","ast-hfb-above-header-display":"","ast-hfb-below-header-display":"","ast-hfb-mobile-header-display":"","site-post-title":"disabled","ast-breadcrumbs-content":"","ast-featured-img":"disabled","footer-sml-layout":"","theme-transparent-header-meta":"","adv-header-id-meta":"","stick-header-meta":"","header-above-stick-meta":"","header-main-stick-meta":"","header-below-stick-meta":""},"_links":{"self":[{"href":"https:\/\/laprepa.net\/index.php?rest_route=\/wp\/v2\/pages\/220"}],"collection":[{"href":"https:\/\/laprepa.net\/index.php?rest_route=\/wp\/v2\/pages"}],"about":[{"href":"https:\/\/laprepa.net\/index.php?rest_route=\/wp\/v2\/types\/page"}],"author":[{"embeddable":true,"href":"https:\/\/laprepa.net\/index.php?rest_route=\/wp\/v2\/users\/1"}],"replies":[{"embeddable":true,"href":"https:\/\/laprepa.net\/index.php?rest_route=%2Fwp%2Fv2%2Fcomments&post=220"}],"version-history":[{"count":7,"href":"https:\/\/laprepa.net\/index.php?rest_route=\/wp\/v2\/pages\/220\/revisions"}],"predecessor-version":[{"id":414,"href":"https:\/\/laprepa.net\/index.php?rest_route=\/wp\/v2\/pages\/220\/revisions\/414"}],"wp:attachment":[{"href":"https:\/\/laprepa.net\/index.php?rest_route=%2Fwp%2Fv2%2Fmedia&parent=220"}],"curies":[{"name":"wp","href":"https:\/\/api.w.org\/{rel}","templated":true}]}}